{"id":1480,"date":"2018-12-11T10:46:34","date_gmt":"2018-12-11T10:46:34","guid":{"rendered":"https:\/\/www.hmcsports.pt\/hmc\/?post_type=product&#038;p=1480"},"modified":"2024-08-28T14:41:12","modified_gmt":"2024-08-28T14:41:12","slug":"pack-terapeuticas","status":"publish","type":"product","link":"https:\/\/www.hmcsports.pt\/hmc\/product\/pack-terapeuticas\/","title":{"rendered":"Pack de Aulas Terap\u00eauticas #5"},"content":{"rendered":"<h1>Pack de Aulas Terap\u00eauticas<\/h1>\n<p>Este pack inclui 5 aulas terap\u00eauticas especialmente desenhadas para a preven\u00e7\u00e3o e tratamento de problemas diversos, como dores nas costas, joelhos ou ombros, dificuldade de mobilidade, arterites, h\u00e9rnias discais, e incontin\u00eancia urin\u00e1ria. Todas as aulas s\u00e3o conduzidas por fisioterapeutas altamente qualificadas.<\/p>\n<h5>Inclui:<\/h5>\n<ul>\n<li><strong>5 Aulas terap\u00eauticas:<\/strong> Cada aula \u00e9 adaptada para atender \u00e0s suas necessidades espec\u00edficas e promover al\u00edvio e recupera\u00e7\u00e3o.<\/li>\n<li><strong>Oferta de voucher:<\/strong> Receba um voucher para uma experi\u00eancia gratuita (qualquer aula ou acesso ao gin\u00e1sio) para oferecer a um amigo (n\u00e3o s\u00f3cio), permitindo que tamb\u00e9m possa desfrutar dos benef\u00edcios das nossas aulas.<\/li>\n<\/ul>\n<h5>Modalidades dispon\u00edveis:<\/h5>\n<p><a href=\"https:\/\/hmcsports.pt\/modalidade\/hidroterapia\/27\/\">Hidroterapia<\/a> | <a href=\"https:\/\/hmcsports.pt\/modalidade\/aqua-pilates\/18\/\">Aqua Pilates<\/a> |\u00a0<a href=\"https:\/\/hmcsports.pt\/modalidade\/pilates-clinico\/14\/\">Pilates Cl\u00ednico<\/a> |\u00a0<a href=\"https:\/\/hmcsports.pt\/modalidade\/ginastica-postural\/12\/\">Gin\u00e1stica Postural<\/a> |\u00a0<a href=\"https:\/\/hmcsports.pt\/modalidade\/yoga\/20\/\">Yoga<\/a> |\u00a0<a href=\"https:\/\/hmcsports.pt\/modalidade\/treino-funcional\/19\/\">Treino Funcional<\/a><\/p>\n","protected":false},"excerpt":{"rendered":"<p>Pack de 5 aulas terap\u00eauticas para preven\u00e7\u00e3o e tratamento de diversas patologias.<\/p>\n<div id=\"le_body_row_2_col_1_el_22\" class=\"element-container cf\" data-style=\"\">\n<div class=\"element\"><\/div>\n<\/div>\n","protected":false},"featured_media":3478,"comment_status":"closed","ping_status":"closed","template":"","meta":[],"product_brand":[],"product_cat":[366,349],"product_tag":[331,447],"class_list":{"0":"post-1480","1":"product","2":"type-product","3":"status-publish","4":"has-post-thumbnail","6":"product_cat-packs-de-aulas","7":"product_cat-servicos","8":"product_tag-pack-de-aulas","9":"product_tag-terapeutico","11":"first","12":"instock","13":"virtual","14":"taxable","15":"purchasable","16":"product-type-simple"},"_links":{"self":[{"href":"https:\/\/www.hmcsports.pt\/hmc\/wp-json\/wp\/v2\/product\/1480","targetHints":{"allow":["GET"]}}],"collection":[{"href":"https:\/\/www.hmcsports.pt\/hmc\/wp-json\/wp\/v2\/product"}],"about":[{"href":"https:\/\/www.hmcsports.pt\/hmc\/wp-json\/wp\/v2\/types\/product"}],"replies":[{"embeddable":true,"href":"https:\/\/www.hmcsports.pt\/hmc\/wp-json\/wp\/v2\/comments?post=1480"}],"version-history":[{"count":1,"href":"https:\/\/www.hmcsports.pt\/hmc\/wp-json\/wp\/v2\/product\/1480\/revisions"}],"predecessor-version":[{"id":5316,"href":"https:\/\/www.hmcsports.pt\/hmc\/wp-json\/wp\/v2\/product\/1480\/revisions\/5316"}],"wp:featuredmedia":[{"embeddable":true,"href":"https:\/\/www.hmcsports.pt\/hmc\/wp-json\/wp\/v2\/media\/3478"}],"wp:attachment":[{"href":"https:\/\/www.hmcsports.pt\/hmc\/wp-json\/wp\/v2\/media?parent=1480"}],"wp:term":[{"taxonomy":"product_brand","embeddable":true,"href":"https:\/\/www.hmcsports.pt\/hmc\/wp-json\/wp\/v2\/product_brand?post=1480"},{"taxonomy":"product_cat","embeddable":true,"href":"https:\/\/www.hmcsports.pt\/hmc\/wp-json\/wp\/v2\/product_cat?post=1480"},{"taxonomy":"product_tag","embeddable":true,"href":"https:\/\/www.hmcsports.pt\/hmc\/wp-json\/wp\/v2\/product_tag?post=1480"}],"curies":[{"name":"wp","href":"https:\/\/api.w.org\/{rel}","templated":true}]}}