{"id":1523,"date":"2022-11-18T00:00:06","date_gmt":"2022-11-18T00:00:06","guid":{"rendered":"https:\/\/www.hmcsports.pt\/hmc\/?post_type=product&#038;p=1523"},"modified":"2025-05-08T13:30:43","modified_gmt":"2025-05-08T13:30:43","slug":"programa-perder-medo-agua","status":"publish","type":"product","link":"https:\/\/www.hmcsports.pt\/hmc\/product\/programa-perder-medo-agua\/","title":{"rendered":"Programa Perder o Medo da \u00c1gua"},"content":{"rendered":"<h1>Programa Perder o Medo da \u00c1gua<\/h1>\n<p>Descubra a confian\u00e7a na \u00e1gua com o Programa Perder o Medo da \u00c1gua! Este programa \u00e9 o mais completo e eficiente para ajud\u00e1-lo a vencer o medo da \u00e1gua de forma r\u00e1pida e eficaz, aumentando a sua autoconfian\u00e7a.<\/p>\n<h5>Inclui:<\/h5>\n<ul>\n<li><strong>6 Sess\u00f5es de aulas individuais:<\/strong> Sess\u00f5es personalizadas, focadas exclusivamente em superar o seu medo e proporcionar uma experi\u00eancia positiva na \u00e1gua<\/li>\n<li><strong>Trabalho individual e personalizado:<\/strong> Cada aula \u00e9 adaptada \u00e0s suas necessidades e progresso, garantindo um desenvolvimento seguro e eficaz<\/li>\n<li><strong>Flexibilidade na gest\u00e3o de hor\u00e1rios:<\/strong> Ajuste as sess\u00f5es ao seu ritmo e disponibilidade, para maior conveni\u00eancia e conforto<\/li>\n<li><strong>Para todas as idades:<\/strong> O programa \u00e9 adequado para pessoas de todas as idades, desde crian\u00e7as a adultos, proporcionando uma abordagem inclusiva e eficaz<\/li>\n<\/ul>\n<h5>Benef\u00edcios:<\/h5>\n<ul>\n<li><strong>Resultados 3x mais r\u00e1pidos:<\/strong> Com uma metodologia comprovada, alcan\u00e7ar\u00e1 os seus objetivos de forma mais eficiente<\/li>\n<li><strong>Aumento de 10x na autoconfian\u00e7a:<\/strong> Melhore a sua confian\u00e7a e seguran\u00e7a na \u00e1gua, ao ultrapassar as suas barreiras pessoais<\/li>\n<\/ul>\n<p><a href=\"https:\/\/www.hmcsports.pt\/hmc\/perder-medo-agua\/\">[ saber mais ]<\/a><\/p>\n","protected":false},"excerpt":{"rendered":"<p>Supere o medo da \u00e1gua com 6 aulas individuais, e aumente a sua autoconfian\u00e7a.<\/p>\n<p><em>Possibilidade de pagamento em 3x 70,50\u20ac (exclusivo para pagamentos na secretaria).<\/em><\/p>\n<p>&nbsp;<\/p>\n<p>&nbsp;<\/p>\n","protected":false},"featured_media":3499,"comment_status":"closed","ping_status":"closed","template":"","meta":[],"product_brand":[],"product_cat":[367,349],"product_tag":[232,333,342],"class_list":{"0":"post-1523","1":"product","2":"type-product","3":"status-publish","4":"has-post-thumbnail","6":"product_cat-programas-especiais","7":"product_cat-servicos","8":"product_tag-aprender-a-nadar","9":"product_tag-perder-o-medo-da-agua","10":"product_tag-programa-exclusivo","12":"first","13":"instock","14":"virtual","15":"taxable","16":"purchasable","17":"product-type-simple"},"_links":{"self":[{"href":"https:\/\/www.hmcsports.pt\/hmc\/wp-json\/wp\/v2\/product\/1523","targetHints":{"allow":["GET"]}}],"collection":[{"href":"https:\/\/www.hmcsports.pt\/hmc\/wp-json\/wp\/v2\/product"}],"about":[{"href":"https:\/\/www.hmcsports.pt\/hmc\/wp-json\/wp\/v2\/types\/product"}],"replies":[{"embeddable":true,"href":"https:\/\/www.hmcsports.pt\/hmc\/wp-json\/wp\/v2\/comments?post=1523"}],"version-history":[{"count":2,"href":"https:\/\/www.hmcsports.pt\/hmc\/wp-json\/wp\/v2\/product\/1523\/revisions"}],"predecessor-version":[{"id":6362,"href":"https:\/\/www.hmcsports.pt\/hmc\/wp-json\/wp\/v2\/product\/1523\/revisions\/6362"}],"wp:featuredmedia":[{"embeddable":true,"href":"https:\/\/www.hmcsports.pt\/hmc\/wp-json\/wp\/v2\/media\/3499"}],"wp:attachment":[{"href":"https:\/\/www.hmcsports.pt\/hmc\/wp-json\/wp\/v2\/media?parent=1523"}],"wp:term":[{"taxonomy":"product_brand","embeddable":true,"href":"https:\/\/www.hmcsports.pt\/hmc\/wp-json\/wp\/v2\/product_brand?post=1523"},{"taxonomy":"product_cat","embeddable":true,"href":"https:\/\/www.hmcsports.pt\/hmc\/wp-json\/wp\/v2\/product_cat?post=1523"},{"taxonomy":"product_tag","embeddable":true,"href":"https:\/\/www.hmcsports.pt\/hmc\/wp-json\/wp\/v2\/product_tag?post=1523"}],"curies":[{"name":"wp","href":"https:\/\/api.w.org\/{rel}","templated":true}]}}