{"id":2230,"date":"2019-05-21T08:39:53","date_gmt":"2019-05-21T08:39:53","guid":{"rendered":"https:\/\/www.hmcsports.pt\/hmc\/?post_type=product&#038;p=2230"},"modified":"2026-04-16T09:33:52","modified_gmt":"2026-04-16T09:33:52","slug":"cin-fiaes","status":"publish","type":"product","link":"https:\/\/www.hmcsports.pt\/hmc\/product\/cin-fiaes\/","title":{"rendered":"Curso Intensivo de Nata\u00e7\u00e3o [Fi\u00e3es]"},"content":{"rendered":"<p><span style=\"font-size: 16px; font-family: Lato; color: #000000;\"><b>Cursos dispon\u00edveis:<\/b><\/span><\/p>\n<p><span style=\"font-size: 14px; font-family: Ubuntu; color: #000000;\"><span style=\"font-weight: 400;\"><strong>CI.AD01-FI\u00c3ES<\/strong> &#8211; (+16) &#8211; 2\u00aa, 5\u00aa e 6\u00aa \u00e0s 11H15 e 3\u00aa 10:30 [adapta\u00e7\u00e3o &#8211; 16 aulas*]<\/span><\/span><\/p>\n<p><span style=\"font-size: 14px; font-family: Ubuntu; color: #000000;\"><span style=\"font-weight: 400;\"><strong>CI.AD02-FI\u00c3ES<\/strong> &#8211; (+16) &#8211; 2\u00aa,4\u00aa,\u00a0 e 5\u00aa 12H30 [adapta\u00e7\u00e3o &#8211; 12 aulas]<\/span><\/span><\/p>\n<p><span style=\"font-size: 14px; font-family: Ubuntu; color: #000000;\"><span style=\"font-weight: 400;\"><strong>CI.AD03-FI\u00c3ES<\/strong> &#8211; (+16) &#8211; 2\u00aa, 4\u00aa e 6\u00aa \u00e0s 15H00[adapta\u00e7\u00e3o &#8211; 12 aulas]<\/span><\/span><\/p>\n<p>A op\u00e7\u00e3o de pagamento em presta\u00e7\u00f5es \u00e9 exclusivo para pagamento na secretaria:<\/p>\n<p>* <strong>2x 35,74\u20ac<\/strong><\/p>\n","protected":false},"excerpt":{"rendered":"<p>Cursos dispon\u00edveis: CI.AD01-FI\u00c3ES &#8211; (+16) &#8211; 2\u00aa, 5\u00aa e 6\u00aa \u00e0s 11H15 e 3\u00aa 10:30 [adapta\u00e7\u00e3o &#8211; 16 aulas*] CI.AD02-FI\u00c3ES &#8211; (+16) &#8211; 2\u00aa,4\u00aa,\u00a0 e 5\u00aa 12H30 [adapta\u00e7\u00e3o &#8211; 12 aulas] CI.AD03-FI\u00c3ES &#8211; (+16) &#8211; 2\u00aa, 4\u00aa e 6\u00aa \u00e0s 15H00[adapta\u00e7\u00e3o &#8211; 12 aulas] A op\u00e7\u00e3o de pagamento em presta\u00e7\u00f5es \u00e9 exclusivo para pagamento na [&hellip;]<\/p>\n","protected":false},"featured_media":6768,"comment_status":"closed","ping_status":"closed","template":"","meta":[],"product_brand":[],"product_cat":[362,349],"product_tag":[232,294,296,306,329,333],"class_list":{"0":"post-2230","1":"product","2":"type-product","3":"status-publish","4":"has-post-thumbnail","6":"product_cat-cursos-intensivos","7":"product_cat-servicos","8":"product_tag-aprender-a-nadar","9":"product_tag-curso-intensivo","10":"product_tag-curso-intensivo-de-natacao","11":"product_tag-fiaes","12":"product_tag-natacao","13":"product_tag-perder-o-medo-da-agua","15":"first","16":"instock","17":"taxable","18":"shipping-taxable","19":"purchasable","20":"product-type-variable"},"_links":{"self":[{"href":"https:\/\/www.hmcsports.pt\/hmc\/wp-json\/wp\/v2\/product\/2230","targetHints":{"allow":["GET"]}}],"collection":[{"href":"https:\/\/www.hmcsports.pt\/hmc\/wp-json\/wp\/v2\/product"}],"about":[{"href":"https:\/\/www.hmcsports.pt\/hmc\/wp-json\/wp\/v2\/types\/product"}],"replies":[{"embeddable":true,"href":"https:\/\/www.hmcsports.pt\/hmc\/wp-json\/wp\/v2\/comments?post=2230"}],"version-history":[{"count":10,"href":"https:\/\/www.hmcsports.pt\/hmc\/wp-json\/wp\/v2\/product\/2230\/revisions"}],"predecessor-version":[{"id":6767,"href":"https:\/\/www.hmcsports.pt\/hmc\/wp-json\/wp\/v2\/product\/2230\/revisions\/6767"}],"wp:featuredmedia":[{"embeddable":true,"href":"https:\/\/www.hmcsports.pt\/hmc\/wp-json\/wp\/v2\/media\/6768"}],"wp:attachment":[{"href":"https:\/\/www.hmcsports.pt\/hmc\/wp-json\/wp\/v2\/media?parent=2230"}],"wp:term":[{"taxonomy":"product_brand","embeddable":true,"href":"https:\/\/www.hmcsports.pt\/hmc\/wp-json\/wp\/v2\/product_brand?post=2230"},{"taxonomy":"product_cat","embeddable":true,"href":"https:\/\/www.hmcsports.pt\/hmc\/wp-json\/wp\/v2\/product_cat?post=2230"},{"taxonomy":"product_tag","embeddable":true,"href":"https:\/\/www.hmcsports.pt\/hmc\/wp-json\/wp\/v2\/product_tag?post=2230"}],"curies":[{"name":"wp","href":"https:\/\/api.w.org\/{rel}","templated":true}]}}