{"id":3853,"date":"2023-11-17T00:01:47","date_gmt":"2023-11-17T00:01:47","guid":{"rendered":"https:\/\/www.hmcsports.pt\/hmc\/?post_type=product&#038;p=3853"},"modified":"2025-12-04T12:40:21","modified_gmt":"2025-12-04T12:40:21","slug":"pack-de-aulas-fitness-10","status":"publish","type":"product","link":"https:\/\/www.hmcsports.pt\/hmc\/product\/pack-de-aulas-fitness-10\/","title":{"rendered":"Pack de aulas fitness #10"},"content":{"rendered":"<p><span style=\"font-weight: 400; font-family: Ubuntu; color: #000000; font-size: 14px;\">Este pack inclui 10 aulas de grupo e a possibilidade de frequentar o nosso gin\u00e1sio ou piscina em regime livre. Desafie-se a experimentar diferentes modalidades e assim conhecer os seus in\u00fameros benef\u00edcios, tais como a perda de peso, a tonifica\u00e7\u00e3o muscular, a divers\u00e3o ou o relaxamento.<\/span><\/p>\n<p><span style=\"font-family: Ubuntu; font-size: 14px;\"><strong>Modalidades:\u00a0<\/strong> Cycling, Pilates Fitness, Hidrogin\u00e1stica, Hidrobike, TRX, Cross Training, Yoga, GAP, HMC Running, HIIT, Gin\u00e1sio, Piscina.<\/span><\/p>\n<p><span style=\"font-size: 14px;\"><strong><span style=\"font-family: Ubuntu;\">O pack pode ser partilhado.<\/span><\/strong><\/span><\/p>\n<p><span style=\"font-family: Ubuntu; font-size: 14px;\">Desafie-se a experimentar as nossas aulas!<\/span><\/p>\n","protected":false},"excerpt":{"rendered":"<p><span style=\"font-family: Ubuntu; font-size: 14px;\"><strong>Pack de 10 aulas fitness + gin\u00e1sio<br \/>\n<\/strong><\/span><\/p>\n","protected":false},"featured_media":3495,"comment_status":"closed","ping_status":"closed","template":"","meta":[],"product_brand":[],"product_cat":[366,349],"product_tag":[233,307,331],"class_list":{"0":"post-3853","1":"product","2":"type-product","3":"status-publish","4":"has-post-thumbnail","6":"product_cat-packs-de-aulas","7":"product_cat-servicos","8":"product_tag-aulas-fitness","9":"product_tag-fitness","10":"product_tag-pack-de-aulas","12":"first","13":"instock","14":"taxable","15":"shipping-taxable","16":"purchasable","17":"product-type-simple"},"_links":{"self":[{"href":"https:\/\/www.hmcsports.pt\/hmc\/wp-json\/wp\/v2\/product\/3853","targetHints":{"allow":["GET"]}}],"collection":[{"href":"https:\/\/www.hmcsports.pt\/hmc\/wp-json\/wp\/v2\/product"}],"about":[{"href":"https:\/\/www.hmcsports.pt\/hmc\/wp-json\/wp\/v2\/types\/product"}],"replies":[{"embeddable":true,"href":"https:\/\/www.hmcsports.pt\/hmc\/wp-json\/wp\/v2\/comments?post=3853"}],"version-history":[{"count":1,"href":"https:\/\/www.hmcsports.pt\/hmc\/wp-json\/wp\/v2\/product\/3853\/revisions"}],"predecessor-version":[{"id":6620,"href":"https:\/\/www.hmcsports.pt\/hmc\/wp-json\/wp\/v2\/product\/3853\/revisions\/6620"}],"wp:featuredmedia":[{"embeddable":true,"href":"https:\/\/www.hmcsports.pt\/hmc\/wp-json\/wp\/v2\/media\/3495"}],"wp:attachment":[{"href":"https:\/\/www.hmcsports.pt\/hmc\/wp-json\/wp\/v2\/media?parent=3853"}],"wp:term":[{"taxonomy":"product_brand","embeddable":true,"href":"https:\/\/www.hmcsports.pt\/hmc\/wp-json\/wp\/v2\/product_brand?post=3853"},{"taxonomy":"product_cat","embeddable":true,"href":"https:\/\/www.hmcsports.pt\/hmc\/wp-json\/wp\/v2\/product_cat?post=3853"},{"taxonomy":"product_tag","embeddable":true,"href":"https:\/\/www.hmcsports.pt\/hmc\/wp-json\/wp\/v2\/product_tag?post=3853"}],"curies":[{"name":"wp","href":"https:\/\/api.w.org\/{rel}","templated":true}]}}