{"id":6237,"date":"2025-04-09T13:47:21","date_gmt":"2025-04-09T13:47:21","guid":{"rendered":"https:\/\/hmcsports.pt\/hmc\/?post_type=product&#038;p=6237"},"modified":"2026-04-16T09:27:07","modified_gmt":"2026-04-16T09:27:07","slug":"cin-canedo","status":"publish","type":"product","link":"https:\/\/www.hmcsports.pt\/hmc\/product\/cin-canedo\/","title":{"rendered":"Curso Intensivo de Nata\u00e7\u00e3o [Canedo]"},"content":{"rendered":"<p><span style=\"font-size: 14px; font-family: Ubuntu; color: #000000;\"><strong>Cursos dispon\u00edveis:<\/strong><\/span><\/p>\n<p><span style=\"font-weight: 400; font-size: 14px; font-family: Ubuntu; color: #000000;\"><strong>CI.AD01-CANEDO<\/strong> &#8211; (+16) &#8211; 3\u00aa, 4\u00aa, 5\u00aa e 6\u00aa \u00e0s 07H30 [adapta\u00e7\u00e3o &#8211; 16 aulas *]<br \/>\n<\/span><\/p>\n<p><span style=\"font-weight: 400; font-size: 14px; font-family: Ubuntu; color: #000000;\"><strong>CI.AD02-CANEDO<\/strong> &#8211; (+16) &#8211; 3\u00aa, 5\u00aa e 6\u00aa \u00e0s 20H15 [adapta\u00e7\u00e3o &#8211; 12 aulas]<br \/>\n<\/span><\/p>\n<p>&nbsp;<\/p>\n<p>A op\u00e7\u00e3o de pagamento em presta\u00e7\u00f5es \u00e9 exclusivo para pagamento na secretaria:<\/p>\n<p>* <strong>2x 35,74\u20ac<\/strong><\/p>\n","protected":false},"excerpt":{"rendered":"<p>Cursos dispon\u00edveis: CI.AD01-CANEDO &#8211; (+16) &#8211; 3\u00aa, 4\u00aa, 5\u00aa e 6\u00aa \u00e0s 07H30 [adapta\u00e7\u00e3o &#8211; 16 aulas *] CI.AD02-CANEDO &#8211; (+16) &#8211; 3\u00aa, 5\u00aa e 6\u00aa \u00e0s 20H15 [adapta\u00e7\u00e3o &#8211; 12 aulas] &nbsp; A op\u00e7\u00e3o de pagamento em presta\u00e7\u00f5es \u00e9 exclusivo para pagamento na secretaria: * 2x 35,74\u20ac<\/p>\n","protected":false},"featured_media":6763,"comment_status":"closed","ping_status":"closed","template":"","meta":[],"product_brand":[],"product_cat":[362,349],"product_tag":[232,470,294,296,329,333],"class_list":{"0":"post-6237","1":"product","2":"type-product","3":"status-publish","4":"has-post-thumbnail","6":"product_cat-cursos-intensivos","7":"product_cat-servicos","8":"product_tag-aprender-a-nadar","9":"product_tag-canedo","10":"product_tag-curso-intensivo","11":"product_tag-curso-intensivo-de-natacao","12":"product_tag-natacao","13":"product_tag-perder-o-medo-da-agua","15":"first","16":"instock","17":"sold-individually","18":"taxable","19":"shipping-taxable","20":"purchasable","21":"product-type-variable"},"_links":{"self":[{"href":"https:\/\/www.hmcsports.pt\/hmc\/wp-json\/wp\/v2\/product\/6237","targetHints":{"allow":["GET"]}}],"collection":[{"href":"https:\/\/www.hmcsports.pt\/hmc\/wp-json\/wp\/v2\/product"}],"about":[{"href":"https:\/\/www.hmcsports.pt\/hmc\/wp-json\/wp\/v2\/types\/product"}],"replies":[{"embeddable":true,"href":"https:\/\/www.hmcsports.pt\/hmc\/wp-json\/wp\/v2\/comments?post=6237"}],"version-history":[{"count":12,"href":"https:\/\/www.hmcsports.pt\/hmc\/wp-json\/wp\/v2\/product\/6237\/revisions"}],"predecessor-version":[{"id":6422,"href":"https:\/\/www.hmcsports.pt\/hmc\/wp-json\/wp\/v2\/product\/6237\/revisions\/6422"}],"wp:featuredmedia":[{"embeddable":true,"href":"https:\/\/www.hmcsports.pt\/hmc\/wp-json\/wp\/v2\/media\/6763"}],"wp:attachment":[{"href":"https:\/\/www.hmcsports.pt\/hmc\/wp-json\/wp\/v2\/media?parent=6237"}],"wp:term":[{"taxonomy":"product_brand","embeddable":true,"href":"https:\/\/www.hmcsports.pt\/hmc\/wp-json\/wp\/v2\/product_brand?post=6237"},{"taxonomy":"product_cat","embeddable":true,"href":"https:\/\/www.hmcsports.pt\/hmc\/wp-json\/wp\/v2\/product_cat?post=6237"},{"taxonomy":"product_tag","embeddable":true,"href":"https:\/\/www.hmcsports.pt\/hmc\/wp-json\/wp\/v2\/product_tag?post=6237"}],"curies":[{"name":"wp","href":"https:\/\/api.w.org\/{rel}","templated":true}]}}